{"id":28627,"date":"2018-12-18T18:17:51","date_gmt":"2018-12-18T17:17:51","guid":{"rendered":"https:\/\/www.5fsoftware.de\/impressum\/"},"modified":"2026-02-19T19:58:53","modified_gmt":"2026-02-19T18:58:53","slug":"aviso-legal","status":"publish","type":"page","link":"https:\/\/www.5fsoftware.de\/es\/aviso-legal\/","title":{"rendered":"Aviso legal"},"content":{"rendered":"<div class=\"fusion-fullwidth fullwidth-box fusion-builder-row-1 fusion-flex-container has-pattern-background has-mask-background nonhundred-percent-fullwidth non-hundred-percent-height-scrolling\" style=\"--awb-border-radius-top-left:0px;--awb-border-radius-top-right:0px;--awb-border-radius-bottom-right:0px;--awb-border-radius-bottom-left:0px;--awb-padding-top:70px;--awb-padding-bottom:20px;--awb-padding-top-small:90px;--awb-padding-bottom-small:80px;--awb-background-color:var(--awb-color1);--awb-flex-wrap:wrap;\" ><div class=\"fusion-builder-row fusion-row fusion-flex-align-items-flex-start fusion-flex-content-wrap\" style=\"max-width:1456px;margin-left: calc(-4% \/ 2 );margin-right: calc(-4% \/ 2 );\"><div class=\"fusion-layout-column fusion_builder_column fusion-builder-column-0 fusion_builder_column_1_1 1_1 fusion-flex-column\" style=\"--awb-bg-size:cover;--awb-width-large:100%;--awb-margin-top-large:0px;--awb-spacing-right-large:1.92%;--awb-margin-bottom-large:73px;--awb-spacing-left-large:1.92%;--awb-width-medium:100%;--awb-order-medium:0;--awb-spacing-right-medium:1.92%;--awb-spacing-left-medium:1.92%;--awb-width-small:100%;--awb-order-small:0;--awb-spacing-right-small:1.92%;--awb-spacing-left-small:1.92%;\"><div class=\"fusion-column-wrapper fusion-column-has-shadow fusion-flex-justify-content-flex-start fusion-content-layout-column\"><div class=\"fusion-title title fusion-title-1 fusion-sep-none fusion-title-center fusion-title-text fusion-title-size-two\" style=\"--awb-text-color:var(--awb-color8);--awb-margin-bottom:50px;--awb-font-size:var(--awb-typography1-font-size);\"><h2 class=\"fusion-title-heading title-heading-center fusion-responsive-typography-calculated\" style=\"font-family:var(--awb-typography1-font-family);font-weight:var(--awb-typography1-font-weight);font-style:var(--awb-typography1-font-style);margin:0;font-size:1em;letter-spacing:var(--awb-typography1-letter-spacing);text-transform:var(--awb-typography1-text-transform);--fontSize:48;line-height:var(--awb-typography1-line-height);\">Aviso legal<\/h2><\/div><div class=\"fusion-text fusion-text-1\" style=\"--awb-text-color:var(--awb-color7);\"><div class=\" et_pb_row et_pb_row_0\">\n<div class=\" et_pb_row et_pb_row_0\">\n<div class=\"et_pb_column et_pb_column_4_4 et_pb_column_0\">\n<div class=\"et_pb_text et_pb_module et_pb_bg_layout_light et_pb_text_align_left et_pb_text_0\">\n<div class=\"row\">\n<div class=\"col-sm-12 \" data-x=\"\">\n<h3 class=\"vc_custom_heading fusion-responsive-typography-calculated\" data-fontsize=\"24\" data-lineheight=\"32.4px\">Responsable del contenido de este sitio web<\/h3>\n<\/div>\n<\/div>\n<\/div>\n<\/div>\n<\/div>\n<div class=\" et_pb_row et_pb_row_1\">\n<div class=\"et_pb_column et_pb_column_1_2 et_pb_column_1\">\n<div class=\"et_pb_text et_pb_module et_pb_bg_layout_light et_pb_text_align_left et_pb_text_1\">\n<p><strong>Redacci\u00f3n:<\/strong><\/p>\n<p>Andreas Baier, Director General<br \/>\n(responsable conforme al art. 18, apdo. 2 del MStV)<\/p>\n<\/div>\n<div class=\"et_pb_text et_pb_module et_pb_bg_layout_light et_pb_text_align_left et_pb_text_2\">\n<p>Rudolf-Vogt-Stra\u00dfe 21<br \/>\n93053 Regensburg<br \/>\nCorreo electr\u00f3nico: info@5fsoftware.de<br \/>\nTel.: +49 941 204 903 0<\/p>\n<\/div>\n<\/div>\n<div class=\"et_pb_column et_pb_column_1_2 et_pb_column_2\">\n<div class=\"et_pb_text et_pb_module et_pb_bg_layout_light et_pb_text_align_left et_pb_text_4\">\n<p><strong>Domicilio social:<\/strong><\/p>\n<\/div>\n<div class=\"et_pb_text et_pb_module et_pb_bg_layout_light et_pb_text_align_left et_pb_text_5\">\n<p>5FSoftware GmbH<br \/>\nRudolf-Vogt-Stra\u00dfe 21<br \/>\n93053 Regensburg<br \/>\nRegistro Mercantil: Regensburg, HRB 16923<\/p>\n<\/div>\n<div class=\"et_pb_text et_pb_module et_pb_bg_layout_light et_pb_text_align_left et_pb_text_6\">\n<p><strong>Direcci\u00f3n:<\/strong><\/p>\n<\/div>\n<div class=\"et_pb_text et_pb_module et_pb_bg_layout_light et_pb_text_align_left et_pb_text_7\">\n<p>Andreas Baier; Maximilian Mann<br \/>\nNIF-IVA: DE320600942<\/p>\n<\/div>\n<\/div>\n<\/div>\n<div class=\" et_pb_row et_pb_row_2\">\n<div class=\"et_pb_column et_pb_column_4_4 et_pb_column_3\">\n<div class=\"et_pb_text et_pb_module et_pb_bg_layout_light et_pb_text_align_left et_pb_text_9\">\n<h3 class=\"fusion-responsive-typography-calculated\" data-fontsize=\"24\" data-lineheight=\"32.4px\">Exenci\u00f3n de responsabilidad y avisos legales<\/h3>\n<\/div>\n<div class=\"et_pb_text et_pb_module et_pb_bg_layout_light et_pb_text_align_left et_pb_text_10\">\n<div class=\"wpb_text_column wpb_content_element \">\n<div class=\"wpb_wrapper\">\n<p><b>Secci\u00f3n 1 Limitaci\u00f3n de responsabilidad<\/b><\/p>\n<p>Los contenidos de este sitio web se elaboran con la m\u00e1xima diligencia posible. No obstante, el proveedor no asume responsabilidad alguna por la exactitud, integridad y actualidad de los contenidos facilitados. El uso de los contenidos de este sitio web se realiza bajo la responsabilidad del usuario. Las contribuciones identificadas por su autor reflejan la opini\u00f3n del autor correspondiente y no siempre la del proveedor. El mero uso del sitio web del proveedor no establece ninguna relaci\u00f3n contractual entre el usuario y el proveedor.<\/p>\n<p><b>Secci\u00f3n 2 Enlaces externos<br \/>\n<\/b><\/p>\n<p>Este sitio web contiene enlaces a sitios web de terceros (\u00abenlaces externos\u00bb). Estos sitios web son responsabilidad de sus respectivos operadores. En el momento de crear por primera vez los enlaces externos, el proveedor revis\u00f3 los contenidos ajenos para detectar posibles infracciones legales. En ese momento no se apreciaron infracciones. El proveedor no tiene influencia alguna sobre el dise\u00f1o y los contenidos actuales y futuros de las p\u00e1ginas enlazadas. La inclusi\u00f3n de enlaces externos no significa que el proveedor adopte como propios los contenidos a los que remiten dichos enlaces. No es razonable exigir al proveedor un control permanente de los enlaces externos sin indicios concretos de infracciones legales. No obstante, en cuanto el proveedor tenga conocimiento de infracciones, dichos enlaces externos se eliminar\u00e1n de inmediato.<\/p>\n<p><b>Secci\u00f3n 3 Derechos de autor y derechos conexos<br \/>\n<\/b><\/p>\n<p>Los contenidos publicados en este sitio web est\u00e1n sujetos a la legislaci\u00f3n alemana sobre derechos de autor y derechos conexos. Cualquier utilizaci\u00f3n no permitida por dicha legislaci\u00f3n requiere el consentimiento previo del proveedor o del titular de los derechos correspondiente. Esto se aplica, en particular, a la reproducci\u00f3n, edici\u00f3n, traducci\u00f3n, almacenamiento, tratamiento o reproducci\u00f3n de contenidos en bases de datos u otros medios o sistemas electr\u00f3nicos. Los contenidos y derechos de terceros se identifican como tales. No est\u00e1 permitida la reproducci\u00f3n o distribuci\u00f3n no autorizada de contenidos individuales o de p\u00e1ginas completas y es punible por la ley. \u00danicamente se permite la realizaci\u00f3n de copias y descargas para uso personal, privado y no comercial.<\/p>\n<p>La presentaci\u00f3n de este sitio web en marcos (frames) ajenos solo est\u00e1 permitida con autorizaci\u00f3n escrita.<\/p>\n<p><b>Secci\u00f3n 4 Condiciones especiales de uso<br \/>\n<\/b><\/p>\n<p>En la medida en que existan condiciones especiales para usos individuales de este sitio web que se aparten de las secciones anteriores, se indicar\u00e1 expresamente en el lugar correspondiente. En tal caso, se aplicar\u00e1n las condiciones especiales de uso en cada caso concreto.<\/p>\n<p><b>Secci\u00f3n 5 Validez<br \/>\n<\/b><\/p>\n<p>Al utilizar nuestro servicio de internet, usted acepta las disposiciones anteriores. En caso de que partes o formulaciones individuales de estas disposiciones no se ajusten, ya no se ajusten o no se ajusten por completo a la situaci\u00f3n jur\u00eddica aplicable, el contenido y la validez de las dem\u00e1s disposiciones permanecer\u00e1n inalterados.<\/p>\n<\/div>\n<\/div>\n<\/div>\n<\/div>\n<\/div>\n<\/div>\n<\/div><\/div><\/div><\/div><\/div>\n","protected":false},"excerpt":{"rendered":"","protected":false},"author":17,"featured_media":0,"parent":0,"menu_order":0,"comment_status":"closed","ping_status":"closed","template":"100-width.php","meta":{"footnotes":""},"class_list":["post-28627","page","type-page","status-publish","hentry"],"yoast_head":"<!-- This site is optimized with the Yoast SEO plugin v27.5 - https:\/\/yoast.com\/product\/yoast-seo-wordpress\/ -->\n<title>Aviso legal - 5FSoftware | Plattform f\u00fcr Datenaustausch und Kommunikation<\/title>\n<meta name=\"description\" content=\"5F Impressum\" \/>\n<meta name=\"robots\" content=\"index, follow, max-snippet:-1, max-image-preview:large, max-video-preview:-1\" \/>\n<link rel=\"canonical\" href=\"https:\/\/www.5fsoftware.de\/es\/aviso-legal\/\" \/>\n<meta property=\"og:locale\" content=\"es_ES\" \/>\n<meta property=\"og:type\" content=\"article\" \/>\n<meta property=\"og:title\" content=\"Aviso legal - 5FSoftware | Plattform f\u00fcr Datenaustausch und Kommunikation\" \/>\n<meta property=\"og:description\" content=\"5F Impressum\" \/>\n<meta property=\"og:url\" content=\"https:\/\/www.5fsoftware.de\/es\/aviso-legal\/\" \/>\n<meta property=\"og:site_name\" content=\"5FSoftware | Plattform f\u00fcr Datenaustausch und Kommunikation\" \/>\n<meta property=\"article:modified_time\" content=\"2026-02-19T18:58:53+00:00\" \/>\n<meta property=\"og:image\" content=\"https:\/\/www.5fsoftware.de\/wp-content\/uploads\/cropped-5FSignet_dunkelblau_1024x1024.jpg\" \/>\n\t<meta property=\"og:image:width\" content=\"512\" \/>\n\t<meta property=\"og:image:height\" content=\"512\" \/>\n\t<meta property=\"og:image:type\" content=\"image\/jpeg\" \/>\n<meta name=\"twitter:card\" content=\"summary_large_image\" \/>\n<meta name=\"twitter:label1\" content=\"Tiempo de lectura\" \/>\n\t<meta name=\"twitter:data1\" content=\"7 minutos\" \/>\n<script type=\"application\/ld+json\" class=\"yoast-schema-graph\">{\"@context\":\"https:\\\/\\\/schema.org\",\"@graph\":[{\"@type\":\"WebPage\",\"@id\":\"https:\\\/\\\/www.5fsoftware.de\\\/es\\\/aviso-legal\\\/\",\"url\":\"https:\\\/\\\/www.5fsoftware.de\\\/es\\\/aviso-legal\\\/\",\"name\":\"Aviso legal - 5FSoftware | Plattform f\u00fcr Datenaustausch und Kommunikation\",\"isPartOf\":{\"@id\":\"https:\\\/\\\/www.5fsoftware.de\\\/es\\\/#website\"},\"datePublished\":\"2018-12-18T17:17:51+00:00\",\"dateModified\":\"2026-02-19T18:58:53+00:00\",\"description\":\"5F Impressum\",\"breadcrumb\":{\"@id\":\"https:\\\/\\\/www.5fsoftware.de\\\/es\\\/aviso-legal\\\/#breadcrumb\"},\"inLanguage\":\"es\",\"potentialAction\":[{\"@type\":\"ReadAction\",\"target\":[\"https:\\\/\\\/www.5fsoftware.de\\\/es\\\/aviso-legal\\\/\"]}]},{\"@type\":\"BreadcrumbList\",\"@id\":\"https:\\\/\\\/www.5fsoftware.de\\\/es\\\/aviso-legal\\\/#breadcrumb\",\"itemListElement\":[{\"@type\":\"ListItem\",\"position\":1,\"name\":\"Startseite\",\"item\":\"https:\\\/\\\/www.5fsoftware.de\\\/es\\\/\"},{\"@type\":\"ListItem\",\"position\":2,\"name\":\"Aviso legal\"}]},{\"@type\":\"WebSite\",\"@id\":\"https:\\\/\\\/www.5fsoftware.de\\\/es\\\/#website\",\"url\":\"https:\\\/\\\/www.5fsoftware.de\\\/es\\\/\",\"name\":\"5FSoftware | Plattform f\u00fcr Datenaustausch und Kommunikation\",\"description\":\"5F | Die Plattform f\u00fcr Kanzleien und Unternehmen \u2013 zur effizienten und sicheren Zusammenarbeit mit Mandanten, Kunden und Lieferanten.\",\"publisher\":{\"@id\":\"https:\\\/\\\/www.5fsoftware.de\\\/es\\\/#organization\"},\"potentialAction\":[{\"@type\":\"SearchAction\",\"target\":{\"@type\":\"EntryPoint\",\"urlTemplate\":\"https:\\\/\\\/www.5fsoftware.de\\\/es\\\/?s={search_term_string}\"},\"query-input\":{\"@type\":\"PropertyValueSpecification\",\"valueRequired\":true,\"valueName\":\"search_term_string\"}}],\"inLanguage\":\"es\"},{\"@type\":\"Organization\",\"@id\":\"https:\\\/\\\/www.5fsoftware.de\\\/es\\\/#organization\",\"name\":\"5FSoftware | Plattform f\u00fcr Datenaustausch und Kommunikation\",\"url\":\"https:\\\/\\\/www.5fsoftware.de\\\/es\\\/\",\"logo\":{\"@type\":\"ImageObject\",\"inLanguage\":\"es\",\"@id\":\"https:\\\/\\\/www.5fsoftware.de\\\/es\\\/#\\\/schema\\\/logo\\\/image\\\/\",\"url\":\"https:\\\/\\\/www.5fsoftware.de\\\/wp-content\\\/uploads\\\/5Flogo-blau-1000x1000-1.png\",\"contentUrl\":\"https:\\\/\\\/www.5fsoftware.de\\\/wp-content\\\/uploads\\\/5Flogo-blau-1000x1000-1.png\",\"width\":1000,\"height\":1000,\"caption\":\"5FSoftware | Plattform f\u00fcr Datenaustausch und Kommunikation\"},\"image\":{\"@id\":\"https:\\\/\\\/www.5fsoftware.de\\\/es\\\/#\\\/schema\\\/logo\\\/image\\\/\"},\"sameAs\":[\"https:\\\/\\\/www.instagram.com\\\/5fsoftware\\\/\",\"https:\\\/\\\/www.linkedin.com\\\/company\\\/5fsoftware-gmbh\\\/mycompany\\\/?viewAsMember=true\"]}]}<\/script>\n<!-- \/ Yoast SEO plugin. -->","yoast_head_json":{"title":"Aviso legal - 5FSoftware | Plattform f\u00fcr Datenaustausch und Kommunikation","description":"5F Impressum","robots":{"index":"index","follow":"follow","max-snippet":"max-snippet:-1","max-image-preview":"max-image-preview:large","max-video-preview":"max-video-preview:-1"},"canonical":"https:\/\/www.5fsoftware.de\/es\/aviso-legal\/","og_locale":"es_ES","og_type":"article","og_title":"Aviso legal - 5FSoftware | Plattform f\u00fcr Datenaustausch und Kommunikation","og_description":"5F Impressum","og_url":"https:\/\/www.5fsoftware.de\/es\/aviso-legal\/","og_site_name":"5FSoftware | Plattform f\u00fcr Datenaustausch und Kommunikation","article_modified_time":"2026-02-19T18:58:53+00:00","og_image":[{"width":512,"height":512,"url":"https:\/\/www.5fsoftware.de\/wp-content\/uploads\/cropped-5FSignet_dunkelblau_1024x1024.jpg","type":"image\/jpeg"}],"twitter_card":"summary_large_image","twitter_misc":{"Tiempo de lectura":"7 minutos"},"schema":{"@context":"https:\/\/schema.org","@graph":[{"@type":"WebPage","@id":"https:\/\/www.5fsoftware.de\/es\/aviso-legal\/","url":"https:\/\/www.5fsoftware.de\/es\/aviso-legal\/","name":"Aviso legal - 5FSoftware | Plattform f\u00fcr Datenaustausch und Kommunikation","isPartOf":{"@id":"https:\/\/www.5fsoftware.de\/es\/#website"},"datePublished":"2018-12-18T17:17:51+00:00","dateModified":"2026-02-19T18:58:53+00:00","description":"5F Impressum","breadcrumb":{"@id":"https:\/\/www.5fsoftware.de\/es\/aviso-legal\/#breadcrumb"},"inLanguage":"es","potentialAction":[{"@type":"ReadAction","target":["https:\/\/www.5fsoftware.de\/es\/aviso-legal\/"]}]},{"@type":"BreadcrumbList","@id":"https:\/\/www.5fsoftware.de\/es\/aviso-legal\/#breadcrumb","itemListElement":[{"@type":"ListItem","position":1,"name":"Startseite","item":"https:\/\/www.5fsoftware.de\/es\/"},{"@type":"ListItem","position":2,"name":"Aviso legal"}]},{"@type":"WebSite","@id":"https:\/\/www.5fsoftware.de\/es\/#website","url":"https:\/\/www.5fsoftware.de\/es\/","name":"5FSoftware | Plattform f\u00fcr Datenaustausch und Kommunikation","description":"5F | Die Plattform f\u00fcr Kanzleien und Unternehmen \u2013 zur effizienten und sicheren Zusammenarbeit mit Mandanten, Kunden und Lieferanten.","publisher":{"@id":"https:\/\/www.5fsoftware.de\/es\/#organization"},"potentialAction":[{"@type":"SearchAction","target":{"@type":"EntryPoint","urlTemplate":"https:\/\/www.5fsoftware.de\/es\/?s={search_term_string}"},"query-input":{"@type":"PropertyValueSpecification","valueRequired":true,"valueName":"search_term_string"}}],"inLanguage":"es"},{"@type":"Organization","@id":"https:\/\/www.5fsoftware.de\/es\/#organization","name":"5FSoftware | Plattform f\u00fcr Datenaustausch und Kommunikation","url":"https:\/\/www.5fsoftware.de\/es\/","logo":{"@type":"ImageObject","inLanguage":"es","@id":"https:\/\/www.5fsoftware.de\/es\/#\/schema\/logo\/image\/","url":"https:\/\/www.5fsoftware.de\/wp-content\/uploads\/5Flogo-blau-1000x1000-1.png","contentUrl":"https:\/\/www.5fsoftware.de\/wp-content\/uploads\/5Flogo-blau-1000x1000-1.png","width":1000,"height":1000,"caption":"5FSoftware | Plattform f\u00fcr Datenaustausch und Kommunikation"},"image":{"@id":"https:\/\/www.5fsoftware.de\/es\/#\/schema\/logo\/image\/"},"sameAs":["https:\/\/www.instagram.com\/5fsoftware\/","https:\/\/www.linkedin.com\/company\/5fsoftware-gmbh\/mycompany\/?viewAsMember=true"]}]}},"_links":{"self":[{"href":"https:\/\/www.5fsoftware.de\/es\/wp-json\/wp\/v2\/pages\/28627","targetHints":{"allow":["GET"]}}],"collection":[{"href":"https:\/\/www.5fsoftware.de\/es\/wp-json\/wp\/v2\/pages"}],"about":[{"href":"https:\/\/www.5fsoftware.de\/es\/wp-json\/wp\/v2\/types\/page"}],"author":[{"embeddable":true,"href":"https:\/\/www.5fsoftware.de\/es\/wp-json\/wp\/v2\/users\/17"}],"replies":[{"embeddable":true,"href":"https:\/\/www.5fsoftware.de\/es\/wp-json\/wp\/v2\/comments?post=28627"}],"version-history":[{"count":4,"href":"https:\/\/www.5fsoftware.de\/es\/wp-json\/wp\/v2\/pages\/28627\/revisions"}],"predecessor-version":[{"id":28632,"href":"https:\/\/www.5fsoftware.de\/es\/wp-json\/wp\/v2\/pages\/28627\/revisions\/28632"}],"wp:attachment":[{"href":"https:\/\/www.5fsoftware.de\/es\/wp-json\/wp\/v2\/media?parent=28627"}],"curies":[{"name":"wp","href":"https:\/\/api.w.org\/{rel}","templated":true}]}}