{"id":28541,"date":"2019-01-03T11:01:11","date_gmt":"2019-01-03T10:01:11","guid":{"rendered":"https:\/\/www.5fsoftware.de\/carrera\/"},"modified":"2026-02-23T19:43:44","modified_gmt":"2026-02-23T18:43:44","slug":"empleo","status":"publish","type":"page","link":"https:\/\/www.5fsoftware.de\/es\/empleo\/","title":{"rendered":"Carrera"},"content":{"rendered":"<p><div class=\"fusion-fullwidth fullwidth-box fusion-builder-row-1 fusion-flex-container has-pattern-background has-mask-background nonhundred-percent-fullwidth non-hundred-percent-height-scrolling\" style=\"--awb-border-radius-top-left:0px;--awb-border-radius-top-right:0px;--awb-border-radius-bottom-right:0px;--awb-border-radius-bottom-left:0px;--awb-padding-top:70px;--awb-padding-bottom:0px;--awb-padding-top-small:90px;--awb-padding-bottom-small:80px;--awb-background-color:var(--awb-color1);--awb-flex-wrap:wrap;\" ><div class=\"fusion-builder-row fusion-row fusion-flex-align-items-flex-start fusion-flex-content-wrap\" style=\"max-width:1456px;margin-left: calc(-4% \/ 2 );margin-right: calc(-4% \/ 2 );\"><div class=\"fusion-layout-column fusion_builder_column fusion-builder-column-0 fusion_builder_column_1_1 1_1 fusion-flex-column\" style=\"--awb-bg-size:cover;--awb-width-large:100%;--awb-margin-top-large:0px;--awb-spacing-right-large:1.92%;--awb-margin-bottom-large:0px;--awb-spacing-left-large:1.92%;--awb-width-medium:100%;--awb-order-medium:0;--awb-spacing-right-medium:1.92%;--awb-spacing-left-medium:1.92%;--awb-width-small:100%;--awb-order-small:0;--awb-spacing-right-small:1.92%;--awb-spacing-left-small:1.92%;\"><div class=\"fusion-column-wrapper fusion-column-has-shadow fusion-flex-justify-content-flex-start fusion-content-layout-column\"><i class=\"fb-icon-element-1 fb-icon-element fontawesome-icon fa-check-double fas circle-no\" style=\"--awb-circlecolor:var(--awb-color4);--awb-font-size:50px;--awb-margin-top:0;--awb-margin-right:0;--awb-margin-bottom:0;--awb-margin-left:0;--awb-align-self:center;\"><\/i><div class=\"fusion-title title fusion-title-1 fusion-sep-none fusion-title-center fusion-title-text fusion-title-size-one\" style=\"--awb-text-color:var(--awb-color8);--awb-margin-bottom:20px;--awb-font-size:var(--awb-typography1-font-size);\"><h1 class=\"fusion-title-heading title-heading-center fusion-responsive-typography-calculated\" style=\"font-family:var(--awb-typography1-font-family);font-weight:var(--awb-typography1-font-weight);font-style:var(--awb-typography1-font-style);margin:0;font-size:1em;letter-spacing:var(--awb-typography1-letter-spacing);text-transform:var(--awb-typography1-text-transform);--fontSize:48;line-height:var(--awb-typography1-line-height);\"><h1>Empleo en 5F<\/h1><\/h1><\/div><div class=\"fusion-separator fusion-full-width-sep\" style=\"align-self: center;margin-left: auto;margin-right: auto;margin-top:10px;margin-bottom:10px;width:100%;\"><\/div><\/div><\/div><\/div><\/div><div class=\"fusion-fullwidth fullwidth-box fusion-builder-row-2 fusion-flex-container has-pattern-background has-mask-background nonhundred-percent-fullwidth non-hundred-percent-height-scrolling\" style=\"--awb-border-radius-top-left:0px;--awb-border-radius-top-right:0px;--awb-border-radius-bottom-right:0px;--awb-border-radius-bottom-left:0px;--awb-padding-top:0px;--awb-padding-bottom:157px;--awb-padding-top-small:90px;--awb-padding-bottom-small:80px;--awb-background-color:var(--awb-color1);--awb-flex-wrap:wrap;\" ><div class=\"fusion-builder-row fusion-row fusion-flex-align-items-flex-start fusion-flex-content-wrap\" style=\"max-width:1456px;margin-left: calc(-4% \/ 2 );margin-right: calc(-4% \/ 2 );\"><div class=\"fusion-layout-column fusion_builder_column fusion-builder-column-1 fusion_builder_column_1_3 1_3 fusion-flex-column fusion-column-inner-bg-wrapper fusion-animated\" style=\"--awb-padding-top:3vw;--awb-padding-bottom:3vw;--awb-overflow:hidden;--awb-inner-bg-size:cover;--awb-border-color:hsla(var(--awb-color1-h),var(--awb-color1-s),var(--awb-color1-l),calc(var(--awb-color1-a) - 100%));--awb-border-color-hover:hsla(var(--awb-color1-h),var(--awb-color1-s),var(--awb-color1-l),calc(var(--awb-color1-a) - 50%));--awb-border-top:1px;--awb-border-right:1px;--awb-border-bottom:1px;--awb-border-left:1px;--awb-border-style:solid;--awb-border-radius:5px 5px 5px 5px;--awb-inner-bg-border-radius:5px 5px 5px 5px;--awb-inner-bg-overflow:hidden;--awb-transform:scaleX(1) scaleY(1);--awb-transform-hover:scaleX(1.05) scaleY(1.05);--awb-width-large:33.333333333333%;--awb-margin-top-large:0px;--awb-spacing-right-large:5.76%;--awb-margin-bottom-large:20px;--awb-spacing-left-large:5.76%;--awb-width-medium:33.333333333333%;--awb-order-medium:0;--awb-spacing-right-medium:5.76%;--awb-spacing-left-medium:5.76%;--awb-width-small:100%;--awb-order-small:0;--awb-spacing-right-small:1.92%;--awb-margin-bottom-small:70px;--awb-spacing-left-small:1.92%;\" data-animationType=\"fadeInUp\" data-animationDuration=\"1.3\" data-animationOffset=\"top-into-view\"><span class=\"fusion-column-inner-bg hover-type-none\"><a class=\"fusion-column-anchor\" href=\"#\"><span class=\"fusion-column-inner-bg-image\"><\/span><\/a><\/span><div class=\"fusion-column-wrapper fusion-column-has-shadow fusion-flex-justify-content-flex-start fusion-content-layout-column\"><div class=\"fusion-title title fusion-title-2 fusion-sep-none fusion-title-center fusion-title-text fusion-title-size-five\" style=\"--awb-text-color:var(--awb-color7);--awb-font-size:var(--awb-typography2-font-size);\"><h5 class=\"fusion-title-heading title-heading-center fusion-responsive-typography-calculated\" style=\"font-family:var(--awb-typography2-font-family);font-weight:var(--awb-typography2-font-weight);font-style:var(--awb-typography2-font-style);margin:0;font-size:1em;letter-spacing:var(--awb-typography2-letter-spacing);text-transform:var(--awb-typography2-text-transform);--fontSize:24;--minFontSize:24;line-height:var(--awb-typography2-line-height);\">Flexibilidad y teletrabajo<\/h5><\/div><div class=\"fusion-text fusion-text-1\" style=\"--awb-content-alignment:center;--awb-font-size:var(--awb-typography4-font-size);--awb-line-height:var(--awb-typography4-line-height);--awb-letter-spacing:var(--awb-typography4-letter-spacing);--awb-text-transform:var(--awb-typography4-text-transform);--awb-text-color:var(--awb-color7);--awb-text-font-family:var(--awb-typography4-font-family);--awb-text-font-weight:var(--awb-typography4-font-weight);--awb-text-font-style:var(--awb-typography4-font-style);\"><p>Ob in Voll- oder Teilzeit \u2013 wir ber\u00fccksichtigen Deine individuelle Lebenssituation und bieten Dir die Flexibilit\u00e4t, Deine Arbeitszeit so zu gestalten, dass sie sich mit Deinen pers\u00f6nlichen Verpflichtungen vereinbaren l\u00e4sst. Auch Homeoffice ist in einem bestimmten Umfang m\u00f6glich.<\/p>\n<\/div><\/div><\/div><div class=\"fusion-layout-column fusion_builder_column fusion-builder-column-2 fusion_builder_column_1_3 1_3 fusion-flex-column fusion-column-inner-bg-wrapper fusion-animated\" style=\"--awb-padding-top:3vw;--awb-padding-bottom:3vw;--awb-overflow:hidden;--awb-inner-bg-size:cover;--awb-border-color:hsla(var(--awb-color1-h),var(--awb-color1-s),var(--awb-color1-l),calc(var(--awb-color1-a) - 100%));--awb-border-color-hover:hsla(var(--awb-color1-h),var(--awb-color1-s),var(--awb-color1-l),calc(var(--awb-color1-a) - 50%));--awb-border-top:1px;--awb-border-right:1px;--awb-border-bottom:1px;--awb-border-left:1px;--awb-border-style:solid;--awb-border-radius:5px 5px 5px 5px;--awb-inner-bg-border-radius:5px 5px 5px 5px;--awb-inner-bg-overflow:hidden;--awb-transform:scaleX(1) scaleY(1);--awb-transform-hover:scaleX(1.05) scaleY(1.05);--awb-width-large:33.333333333333%;--awb-margin-top-large:0px;--awb-spacing-right-large:5.76%;--awb-margin-bottom-large:20px;--awb-spacing-left-large:5.76%;--awb-width-medium:33.333333333333%;--awb-order-medium:0;--awb-spacing-right-medium:5.76%;--awb-spacing-left-medium:5.76%;--awb-width-small:100%;--awb-order-small:0;--awb-spacing-right-small:1.92%;--awb-margin-bottom-small:70px;--awb-spacing-left-small:1.92%;\" data-animationType=\"fadeInUp\" data-animationDuration=\"1.3\" data-animationOffset=\"top-into-view\"><span class=\"fusion-column-inner-bg hover-type-none\"><a class=\"fusion-column-anchor\" href=\"#\"><span class=\"fusion-column-inner-bg-image\"><\/span><\/a><\/span><div class=\"fusion-column-wrapper fusion-column-has-shadow fusion-flex-justify-content-flex-start fusion-content-layout-column\"><div class=\"fusion-title title fusion-title-3 fusion-sep-none fusion-title-center fusion-title-text fusion-title-size-five\" style=\"--awb-text-color:var(--awb-color7);--awb-font-size:var(--awb-typography2-font-size);\"><h5 class=\"fusion-title-heading title-heading-center fusion-responsive-typography-calculated\" style=\"font-family:var(--awb-typography2-font-family);font-weight:var(--awb-typography2-font-weight);font-style:var(--awb-typography2-font-style);margin:0;font-size:1em;letter-spacing:var(--awb-typography2-letter-spacing);text-transform:var(--awb-typography2-text-transform);--fontSize:24;--minFontSize:24;line-height:var(--awb-typography2-line-height);\">Desarrollo profesional y carrera<\/h5><\/div><div class=\"fusion-text fusion-text-2\" style=\"--awb-content-alignment:center;--awb-font-size:var(--awb-typography4-font-size);--awb-line-height:var(--awb-typography4-line-height);--awb-letter-spacing:var(--awb-typography4-letter-spacing);--awb-text-transform:var(--awb-typography4-text-transform);--awb-text-color:var(--awb-color7);--awb-text-font-family:var(--awb-typography4-font-family);--awb-text-font-weight:var(--awb-typography4-font-weight);--awb-text-font-style:var(--awb-typography4-font-style);\"><p data-fontsize=\"18\" data-lineheight=\"25.2px\">Le apoyamos en su trayectoria profesional personal con formaci\u00f3n continua, conocimientos sobre diferentes \u00e1reas de actividad y oportunidades de desarrollo individual. As\u00ed podr\u00e1 desarrollar todo su potencial. <\/p>\n<\/div><\/div><\/div><div class=\"fusion-layout-column fusion_builder_column fusion-builder-column-3 fusion_builder_column_1_3 1_3 fusion-flex-column fusion-column-inner-bg-wrapper fusion-animated\" style=\"--awb-padding-top:3vw;--awb-padding-bottom:3vw;--awb-overflow:hidden;--awb-inner-bg-size:cover;--awb-border-color:hsla(var(--awb-color1-h),var(--awb-color1-s),var(--awb-color1-l),calc(var(--awb-color1-a) - 100%));--awb-border-color-hover:hsla(var(--awb-color1-h),var(--awb-color1-s),var(--awb-color1-l),calc(var(--awb-color1-a) - 50%));--awb-border-top:1px;--awb-border-right:1px;--awb-border-bottom:1px;--awb-border-left:1px;--awb-border-style:solid;--awb-border-radius:5px 5px 5px 5px;--awb-inner-bg-border-radius:5px 5px 5px 5px;--awb-inner-bg-overflow:hidden;--awb-transform:scaleX(1) scaleY(1);--awb-transform-hover:scaleX(1.05) scaleY(1.05);--awb-width-large:33.333333333333%;--awb-margin-top-large:0px;--awb-spacing-right-large:5.76%;--awb-margin-bottom-large:20px;--awb-spacing-left-large:5.76%;--awb-width-medium:33.333333333333%;--awb-order-medium:0;--awb-spacing-right-medium:5.76%;--awb-spacing-left-medium:5.76%;--awb-width-small:100%;--awb-order-small:0;--awb-spacing-right-small:1.92%;--awb-margin-bottom-small:70px;--awb-spacing-left-small:1.92%;\" data-animationType=\"fadeInUp\" data-animationDuration=\"1.3\" data-animationOffset=\"top-into-view\"><span class=\"fusion-column-inner-bg hover-type-none\"><a class=\"fusion-column-anchor\" href=\"#\"><span class=\"fusion-column-inner-bg-image\"><\/span><\/a><\/span><div class=\"fusion-column-wrapper fusion-column-has-shadow fusion-flex-justify-content-flex-start fusion-content-layout-column\"><div class=\"fusion-title title fusion-title-4 fusion-sep-none fusion-title-center fusion-title-text fusion-title-size-five\" style=\"--awb-text-color:var(--awb-color7);--awb-font-size:var(--awb-typography2-font-size);\"><h5 class=\"fusion-title-heading title-heading-center fusion-responsive-typography-calculated\" style=\"font-family:var(--awb-typography2-font-family);font-weight:var(--awb-typography2-font-weight);font-style:var(--awb-typography2-font-style);margin:0;font-size:1em;letter-spacing:var(--awb-typography2-letter-spacing);text-transform:var(--awb-typography2-text-transform);--fontSize:24;--minFontSize:24;line-height:var(--awb-typography2-line-height);\">Entorno de trabajo din\u00e1mico<\/h5><\/div><div class=\"fusion-text fusion-text-3\" style=\"--awb-content-alignment:center;--awb-font-size:var(--awb-typography4-font-size);--awb-line-height:var(--awb-typography4-line-height);--awb-letter-spacing:var(--awb-typography4-letter-spacing);--awb-text-transform:var(--awb-typography4-text-transform);--awb-text-color:var(--awb-color7);--awb-text-font-family:var(--awb-typography4-font-family);--awb-text-font-weight:var(--awb-typography4-font-weight);--awb-text-font-style:var(--awb-typography4-font-style);\"><p data-fontsize=\"18\" data-lineheight=\"25.2px\">Le espera una empresa joven e innovadora con jerarqu\u00edas planas y procesos de decisi\u00f3n \u00e1giles. En nuestra bonita oficina de Ratisbona podr\u00e1 aportar sus ideas y participar activamente en un entorno creativo. <\/p>\n<\/div><\/div><\/div><div class=\"fusion-layout-column fusion_builder_column fusion-builder-column-4 fusion_builder_column_1_1 1_1 fusion-flex-column fusion-animated\" style=\"--awb-bg-size:cover;--awb-width-large:100%;--awb-margin-top-large:0px;--awb-spacing-right-large:1.92%;--awb-margin-bottom-large:0px;--awb-spacing-left-large:1.92%;--awb-width-medium:100%;--awb-order-medium:0;--awb-spacing-right-medium:1.92%;--awb-spacing-left-medium:1.92%;--awb-width-small:100%;--awb-order-small:0;--awb-spacing-right-small:1.92%;--awb-spacing-left-small:1.92%;\" data-animationType=\"fadeIn\" data-animationDuration=\"1.3\" data-animationOffset=\"top-into-view\"><div class=\"fusion-column-wrapper fusion-column-has-shadow fusion-flex-justify-content-flex-start fusion-content-layout-column\"><div class=\"fusion-title title fusion-title-5 fusion-sep-none fusion-title-center fusion-title-text fusion-title-size-five\" style=\"--awb-text-color:var(--awb-color7);--awb-font-size:var(--awb-typography2-font-size);\"><h5 class=\"fusion-title-heading title-heading-center fusion-responsive-typography-calculated\" style=\"font-family:var(--awb-typography2-font-family);font-weight:var(--awb-typography2-font-weight);font-style:var(--awb-typography2-font-style);margin:0;font-size:1em;letter-spacing:var(--awb-typography2-letter-spacing);text-transform:var(--awb-typography2-text-transform);--fontSize:24;--minFontSize:24;line-height:var(--awb-typography2-line-height);\">Puestos vacantes:<\/h5><\/div><div class=\"fusion-separator fusion-full-width-sep\" style=\"align-self: center;margin-left: auto;margin-right: auto;margin-top:20px;margin-bottom:20px;width:100%;\"><\/div><\/div><\/div><div class=\"fusion-layout-column fusion_builder_column fusion-builder-column-5 fusion_builder_column_1_1 1_1 fusion-flex-column\" style=\"--awb-bg-size:cover;--awb-width-large:100%;--awb-margin-top-large:0px;--awb-spacing-right-large:1.92%;--awb-margin-bottom-large:20px;--awb-spacing-left-large:1.92%;--awb-width-medium:100%;--awb-order-medium:0;--awb-spacing-right-medium:1.92%;--awb-spacing-left-medium:1.92%;--awb-width-small:100%;--awb-order-small:0;--awb-spacing-right-small:1.92%;--awb-spacing-left-small:1.92%;\"><div class=\"fusion-column-wrapper fusion-column-has-shadow fusion-flex-justify-content-flex-start fusion-content-layout-column\"><div class=\"fusion-title title fusion-title-6 fusion-sep-none fusion-title-center fusion-title-text fusion-title-size-two\" style=\"--awb-text-color:var(--awb-color8);--awb-margin-bottom:20px;\"><h2 class=\"fusion-title-heading title-heading-center fusion-responsive-typography-calculated\" style=\"margin:0;--fontSize:36;line-height:1.35;\">Entusiasta de TI (m\/f\/d)<\/h2><\/div><div style=\"text-align:center;\"><a class=\"fusion-button button-flat button-large button-default fusion-button-default button-1 fusion-button-default-span fusion-button-default-type\" target=\"_blank\" rel=\"noopener noreferrer\" href=\"https:\/\/www.5fsoftware.de\/wp-content\/uploads\/5F_Job_IT-Enthusiast_weiss.pdf\"><span class=\"fusion-button-text\">Descargar: Folleto Entusiasta de TI (m\/f\/d)<\/span><\/a><\/div><\/div><\/div><\/div><\/div><\/p>\n","protected":false},"excerpt":{"rendered":"","protected":false},"author":17,"featured_media":0,"parent":0,"menu_order":0,"comment_status":"closed","ping_status":"closed","template":"100-width.php","meta":{"footnotes":""},"class_list":["post-28541","page","type-page","status-publish","hentry"],"yoast_head":"<!-- This site is optimized with the Yoast SEO plugin v27.2 - https:\/\/yoast.com\/product\/yoast-seo-wordpress\/ -->\n<title>Carrera - 5FSoftware | Plattform f\u00fcr Datenaustausch und Kommunikation<\/title>\n<meta name=\"robots\" content=\"index, follow, max-snippet:-1, max-image-preview:large, max-video-preview:-1\" \/>\n<link rel=\"canonical\" href=\"https:\/\/www.5fsoftware.de\/es\/empleo\/\" \/>\n<meta property=\"og:locale\" content=\"es_ES\" \/>\n<meta property=\"og:type\" content=\"article\" \/>\n<meta property=\"og:title\" content=\"Carrera - 5FSoftware | Plattform f\u00fcr Datenaustausch und Kommunikation\" \/>\n<meta property=\"og:url\" content=\"https:\/\/www.5fsoftware.de\/es\/empleo\/\" \/>\n<meta property=\"og:site_name\" content=\"5FSoftware | Plattform f\u00fcr Datenaustausch und Kommunikation\" \/>\n<meta property=\"article:modified_time\" content=\"2026-02-23T18:43:44+00:00\" \/>\n<meta property=\"og:image\" content=\"https:\/\/www.5fsoftware.de\/wp-content\/uploads\/cropped-5FSignet_dunkelblau_1024x1024.jpg\" \/>\n\t<meta property=\"og:image:width\" content=\"512\" \/>\n\t<meta property=\"og:image:height\" content=\"512\" \/>\n\t<meta property=\"og:image:type\" content=\"image\/jpeg\" \/>\n<meta name=\"twitter:card\" content=\"summary_large_image\" \/>\n<meta name=\"twitter:label1\" content=\"Tiempo de lectura\" \/>\n\t<meta name=\"twitter:data1\" content=\"18 minutos\" \/>\n<script type=\"application\/ld+json\" class=\"yoast-schema-graph\">{\"@context\":\"https:\/\/schema.org\",\"@graph\":[{\"@type\":\"WebPage\",\"@id\":\"https:\/\/www.5fsoftware.de\/es\/empleo\/\",\"url\":\"https:\/\/www.5fsoftware.de\/es\/empleo\/\",\"name\":\"Carrera - 5FSoftware | Plattform f\u00fcr Datenaustausch und Kommunikation\",\"isPartOf\":{\"@id\":\"https:\/\/www.5fsoftware.de\/es\/#website\"},\"datePublished\":\"2019-01-03T10:01:11+00:00\",\"dateModified\":\"2026-02-23T18:43:44+00:00\",\"breadcrumb\":{\"@id\":\"https:\/\/www.5fsoftware.de\/es\/empleo\/#breadcrumb\"},\"inLanguage\":\"es\",\"potentialAction\":[{\"@type\":\"ReadAction\",\"target\":[\"https:\/\/www.5fsoftware.de\/es\/empleo\/\"]}]},{\"@type\":\"BreadcrumbList\",\"@id\":\"https:\/\/www.5fsoftware.de\/es\/empleo\/#breadcrumb\",\"itemListElement\":[{\"@type\":\"ListItem\",\"position\":1,\"name\":\"Startseite\",\"item\":\"https:\/\/www.5fsoftware.de\/es\/\"},{\"@type\":\"ListItem\",\"position\":2,\"name\":\"Carrera\"}]},{\"@type\":\"WebSite\",\"@id\":\"https:\/\/www.5fsoftware.de\/es\/#website\",\"url\":\"https:\/\/www.5fsoftware.de\/es\/\",\"name\":\"5FSoftware | Plattform f\u00fcr Datenaustausch und Kommunikation\",\"description\":\"5F | Die Plattform f\u00fcr Kanzleien und Unternehmen \u2013 zur effizienten und sicheren Zusammenarbeit mit Mandanten, Kunden und Lieferanten.\",\"publisher\":{\"@id\":\"https:\/\/www.5fsoftware.de\/es\/#organization\"},\"potentialAction\":[{\"@type\":\"SearchAction\",\"target\":{\"@type\":\"EntryPoint\",\"urlTemplate\":\"https:\/\/www.5fsoftware.de\/es\/?s={search_term_string}\"},\"query-input\":{\"@type\":\"PropertyValueSpecification\",\"valueRequired\":true,\"valueName\":\"search_term_string\"}}],\"inLanguage\":\"es\"},{\"@type\":\"Organization\",\"@id\":\"https:\/\/www.5fsoftware.de\/es\/#organization\",\"name\":\"5FSoftware | Plattform f\u00fcr Datenaustausch und Kommunikation\",\"url\":\"https:\/\/www.5fsoftware.de\/es\/\",\"logo\":{\"@type\":\"ImageObject\",\"inLanguage\":\"es\",\"@id\":\"https:\/\/www.5fsoftware.de\/es\/#\/schema\/logo\/image\/\",\"url\":\"https:\/\/www.5fsoftware.de\/wp-content\/uploads\/5Flogo-blau-1000x1000-1.png\",\"contentUrl\":\"https:\/\/www.5fsoftware.de\/wp-content\/uploads\/5Flogo-blau-1000x1000-1.png\",\"width\":1000,\"height\":1000,\"caption\":\"5FSoftware | Plattform f\u00fcr Datenaustausch und Kommunikation\"},\"image\":{\"@id\":\"https:\/\/www.5fsoftware.de\/es\/#\/schema\/logo\/image\/\"},\"sameAs\":[\"https:\/\/www.instagram.com\/5fsoftware\/\",\"https:\/\/www.linkedin.com\/company\/5fsoftware-gmbh\/mycompany\/?viewAsMember=true\"]}]}<\/script>\n<!-- \/ Yoast SEO plugin. -->","yoast_head_json":{"title":"Carrera - 5FSoftware | Plattform f\u00fcr Datenaustausch und Kommunikation","robots":{"index":"index","follow":"follow","max-snippet":"max-snippet:-1","max-image-preview":"max-image-preview:large","max-video-preview":"max-video-preview:-1"},"canonical":"https:\/\/www.5fsoftware.de\/es\/empleo\/","og_locale":"es_ES","og_type":"article","og_title":"Carrera - 5FSoftware | Plattform f\u00fcr Datenaustausch und Kommunikation","og_url":"https:\/\/www.5fsoftware.de\/es\/empleo\/","og_site_name":"5FSoftware | Plattform f\u00fcr Datenaustausch und Kommunikation","article_modified_time":"2026-02-23T18:43:44+00:00","og_image":[{"width":512,"height":512,"url":"https:\/\/www.5fsoftware.de\/wp-content\/uploads\/cropped-5FSignet_dunkelblau_1024x1024.jpg","type":"image\/jpeg"}],"twitter_card":"summary_large_image","twitter_misc":{"Tiempo de lectura":"18 minutos"},"schema":{"@context":"https:\/\/schema.org","@graph":[{"@type":"WebPage","@id":"https:\/\/www.5fsoftware.de\/es\/empleo\/","url":"https:\/\/www.5fsoftware.de\/es\/empleo\/","name":"Carrera - 5FSoftware | Plattform f\u00fcr Datenaustausch und Kommunikation","isPartOf":{"@id":"https:\/\/www.5fsoftware.de\/es\/#website"},"datePublished":"2019-01-03T10:01:11+00:00","dateModified":"2026-02-23T18:43:44+00:00","breadcrumb":{"@id":"https:\/\/www.5fsoftware.de\/es\/empleo\/#breadcrumb"},"inLanguage":"es","potentialAction":[{"@type":"ReadAction","target":["https:\/\/www.5fsoftware.de\/es\/empleo\/"]}]},{"@type":"BreadcrumbList","@id":"https:\/\/www.5fsoftware.de\/es\/empleo\/#breadcrumb","itemListElement":[{"@type":"ListItem","position":1,"name":"Startseite","item":"https:\/\/www.5fsoftware.de\/es\/"},{"@type":"ListItem","position":2,"name":"Carrera"}]},{"@type":"WebSite","@id":"https:\/\/www.5fsoftware.de\/es\/#website","url":"https:\/\/www.5fsoftware.de\/es\/","name":"5FSoftware | Plattform f\u00fcr Datenaustausch und Kommunikation","description":"5F | Die Plattform f\u00fcr Kanzleien und Unternehmen \u2013 zur effizienten und sicheren Zusammenarbeit mit Mandanten, Kunden und Lieferanten.","publisher":{"@id":"https:\/\/www.5fsoftware.de\/es\/#organization"},"potentialAction":[{"@type":"SearchAction","target":{"@type":"EntryPoint","urlTemplate":"https:\/\/www.5fsoftware.de\/es\/?s={search_term_string}"},"query-input":{"@type":"PropertyValueSpecification","valueRequired":true,"valueName":"search_term_string"}}],"inLanguage":"es"},{"@type":"Organization","@id":"https:\/\/www.5fsoftware.de\/es\/#organization","name":"5FSoftware | Plattform f\u00fcr Datenaustausch und Kommunikation","url":"https:\/\/www.5fsoftware.de\/es\/","logo":{"@type":"ImageObject","inLanguage":"es","@id":"https:\/\/www.5fsoftware.de\/es\/#\/schema\/logo\/image\/","url":"https:\/\/www.5fsoftware.de\/wp-content\/uploads\/5Flogo-blau-1000x1000-1.png","contentUrl":"https:\/\/www.5fsoftware.de\/wp-content\/uploads\/5Flogo-blau-1000x1000-1.png","width":1000,"height":1000,"caption":"5FSoftware | Plattform f\u00fcr Datenaustausch und Kommunikation"},"image":{"@id":"https:\/\/www.5fsoftware.de\/es\/#\/schema\/logo\/image\/"},"sameAs":["https:\/\/www.instagram.com\/5fsoftware\/","https:\/\/www.linkedin.com\/company\/5fsoftware-gmbh\/mycompany\/?viewAsMember=true"]}]}},"_links":{"self":[{"href":"https:\/\/www.5fsoftware.de\/es\/wp-json\/wp\/v2\/pages\/28541","targetHints":{"allow":["GET"]}}],"collection":[{"href":"https:\/\/www.5fsoftware.de\/es\/wp-json\/wp\/v2\/pages"}],"about":[{"href":"https:\/\/www.5fsoftware.de\/es\/wp-json\/wp\/v2\/types\/page"}],"author":[{"embeddable":true,"href":"https:\/\/www.5fsoftware.de\/es\/wp-json\/wp\/v2\/users\/17"}],"replies":[{"embeddable":true,"href":"https:\/\/www.5fsoftware.de\/es\/wp-json\/wp\/v2\/comments?post=28541"}],"version-history":[{"count":6,"href":"https:\/\/www.5fsoftware.de\/es\/wp-json\/wp\/v2\/pages\/28541\/revisions"}],"predecessor-version":[{"id":28984,"href":"https:\/\/www.5fsoftware.de\/es\/wp-json\/wp\/v2\/pages\/28541\/revisions\/28984"}],"wp:attachment":[{"href":"https:\/\/www.5fsoftware.de\/es\/wp-json\/wp\/v2\/media?parent=28541"}],"curies":[{"name":"wp","href":"https:\/\/api.w.org\/{rel}","templated":true}]}}